{"id":19641,"date":"2019-07-28T20:55:47","date_gmt":"2019-07-28T18:55:47","guid":{"rendered":"https:\/\/testwebc3.com.es\/careers\/"},"modified":"2020-04-21T03:16:31","modified_gmt":"2020-04-21T01:16:31","slug":"careers","status":"publish","type":"page","link":"https:\/\/testwebc3.com.es\/es\/careers\/","title":{"rendered":"Trabaja con Nosotros"},"content":{"rendered":"<section class=\"wpb-content-wrapper\"><p>[vc_row css_animation=\u00bb\u00bb row_type=\u00bbrow\u00bb use_row_as_full_screen_section=\u00bbno\u00bb type=\u00bbgrid\u00bb angled_section=\u00bbno\u00bb text_align=\u00bbleft\u00bb background_image_as_pattern=\u00bbwithout_pattern\u00bb css=\u00bb.vc_custom_1564339915602{padding-top: 70px !important;padding-bottom: 60px !important;}\u00bb z_index=\u00bb\u00bb][vc_column][vc_column_text]<\/p>\n<h1>Trabaja con Nostros<\/h1>\n<p>[\/vc_column_text][vc_empty_space height=\u00bb20px\u00bb][vc_column_text]Buscamos talento! En Monocrom necesitamos perfiles de diferente tipo para que se unan a nuestro equipo. Creemos en las personas y las apoyamos para que desarrollen su potencial en un ambiente colaborativo donde aprender y crecer. En Monocrom fomentamos la flexibilidad, la creatividad, el esp\u00edritu de superaci\u00f3n e inspiramos a nuestra gente a so\u00f1ar a lo grande y a amar lo que hace. Creemos que existe una gran satisfacci\u00f3n cuando trabajamos en algo que nos apasiona.[\/vc_column_text][vc_empty_space height=\u00bb20px\u00bb][vc_column_text]<\/p>\n<h4>Si eres el due\u00f1o de un cerebro creativo, una perseverancia y determinaci\u00f3n s\u00f3lidas, y un buen alma, nos gustar\u00eda saber de ti.<\/h4>\n<p>[\/vc_column_text][vc_empty_space height=\u00bb20px\u00bb]<a  itemprop=\"url\" href=\"https:\/\/testwebc3.com.es\/enviar-candidatura\/\" target=\"_self\"  class=\"qbutton  small default\" style=\"\">Enviar candidatura<\/a>[vc_empty_space height=\u00bb40px\u00bb][vc_column_text]\u00bfEst\u00e1s cursando estudios relacionados con la Fot\u00f3nica? Tenemos grandes oportunidades para estudiantes que desean hacer su tesis final o su trabajo final de grado\/post-grado\/master\/doctorado en una empresa del sector de la Fot\u00f3nica. Disfruta de una experiencia profesional real y aprende de nuestros expertos. Estaremos encantados de apoyar tu formaci\u00f3n![\/vc_column_text][vc_empty_space height=\u00bb20px\u00bb]<a  itemprop=\"url\" href=\"https:\/\/testwebc3.com.es\/enviar-candidatura\/\" target=\"_self\"  class=\"qbutton  small default\" style=\"\">SOLICITAR PR\u00c1CTICAS<\/a>[\/vc_column][\/vc_row][vc_row css_animation=\u00bb\u00bb row_type=\u00bbrow\u00bb use_row_as_full_screen_section=\u00bbno\u00bb type=\u00bbgrid\u00bb angled_section=\u00bbno\u00bb text_align=\u00bbleft\u00bb background_image_as_pattern=\u00bbwithout_pattern\u00bb css=\u00bb.vc_custom_1565946401516{border-top-width: 1px !important;padding-top: 70px !important;padding-bottom: 100px !important;border-top-color: #bf2d30 !important;border-top-style: dotted !important;}\u00bb z_index=\u00bb\u00bb][vc_column][vc_column_text]<\/p>\n<h2>Vacantes<\/h2>\n<p>[\/vc_column_text][vc_empty_space][vc_row_inner row_type=\u00bbrow\u00bb type=\u00bbfull_width\u00bb text_align=\u00bbleft\u00bb css_animation=\u00bb\u00bb css=\u00bb.vc_custom_1565946344945{padding-top: 30px !important;padding-right: 30px !important;padding-bottom: 30px !important;padding-left: 30px !important;background-color: #f4f5f9 !important;}\u00bb][vc_column_inner][vc_column_text]<\/p>\n<h4>Representante comercial para Jap\u00f3n<\/h4>\n<p>[\/vc_column_text][vc_empty_space height=\u00bb10px\u00bb][vc_column_text]Estamos buscando representante en Jap\u00f3n. Nuestro candidato ideal es una persona auto-suficiente, proactiva y experimentada en ventas. Esta es una oportunidad excepcional para trabajar con una compa\u00f1\u00eda en expansi\u00f3n y en una industria de alto crecimiento.[\/vc_column_text][vc_empty_space height=\u00bb10px\u00bb]<a  itemprop=\"url\" href=\"https:\/\/testwebc3.com.es\/en\/careers\/representante-comercial-jap\u00f3n\/\" target=\"_self\"  class=\"qbutton  small default\" style=\"\">Ver vacante<\/a>[\/vc_column_inner][\/vc_row_inner][\/vc_column][\/vc_row]<\/p>\n<\/section>","protected":false},"excerpt":{"rendered":"<p>[vc_row css_animation=\u00bb\u00bb row_type=\u00bbrow\u00bb use_row_as_full_screen_section=\u00bbno\u00bb type=\u00bbgrid\u00bb angled_section=\u00bbno\u00bb text_align=\u00bbleft\u00bb background_image_as_pattern=\u00bbwithout_pattern\u00bb css=\u00bb.vc_custom_1564339915602{padding-top: 70px !important;padding-bottom: 60px !important;}\u00bb z_index=\u00bb\u00bb][vc_column][vc_column_text] Trabaja con Nostros [\/vc_column_text][vc_empty_space height=\u00bb20px\u00bb][vc_column_text]Buscamos talento! En Monocrom necesitamos perfiles de diferente tipo para que se unan a nuestro equipo. Creemos en las personas y las apoyamos para que desarrollen su&#8230;<\/p>\n","protected":false},"author":6,"featured_media":0,"parent":0,"menu_order":0,"comment_status":"closed","ping_status":"closed","template":"full_width.php","meta":{"footnotes":""},"_links":{"self":[{"href":"https:\/\/testwebc3.com.es\/es\/wp-json\/wp\/v2\/pages\/19641"}],"collection":[{"href":"https:\/\/testwebc3.com.es\/es\/wp-json\/wp\/v2\/pages"}],"about":[{"href":"https:\/\/testwebc3.com.es\/es\/wp-json\/wp\/v2\/types\/page"}],"author":[{"embeddable":true,"href":"https:\/\/testwebc3.com.es\/es\/wp-json\/wp\/v2\/users\/6"}],"replies":[{"embeddable":true,"href":"https:\/\/testwebc3.com.es\/es\/wp-json\/wp\/v2\/comments?post=19641"}],"version-history":[{"count":12,"href":"https:\/\/testwebc3.com.es\/es\/wp-json\/wp\/v2\/pages\/19641\/revisions"}],"predecessor-version":[{"id":19678,"href":"https:\/\/testwebc3.com.es\/es\/wp-json\/wp\/v2\/pages\/19641\/revisions\/19678"}],"wp:attachment":[{"href":"https:\/\/testwebc3.com.es\/es\/wp-json\/wp\/v2\/media?parent=19641"}],"curies":[{"name":"wp","href":"https:\/\/api.w.org\/{rel}","templated":true}]}}