{"id":26499,"date":"2022-10-17T17:08:32","date_gmt":"2022-10-17T15:08:32","guid":{"rendered":"https:\/\/testwebc3.com.es\/?page_id=26499"},"modified":"2022-10-17T17:15:40","modified_gmt":"2022-10-17T15:15:40","slug":"xvi-aimen-laser-10-11-november-2022-vigo-spain","status":"publish","type":"page","link":"https:\/\/testwebc3.com.es\/en\/agenda-2022\/xvi-aimen-laser-10-11-november-2022-vigo-spain\/","title":{"rendered":"XVI AIMEN LASER 10-11 November 2022, Vigo, Spain"},"content":{"rendered":"<section class=\"wpb-content-wrapper\"><p>[vc_row css_animation=&#8221;&#8221; row_type=&#8221;row&#8221; use_row_as_full_screen_section=&#8221;no&#8221; type=&#8221;grid&#8221; angled_section=&#8221;no&#8221; text_align=&#8221;left&#8221; background_image_as_pattern=&#8221;without_pattern&#8221; z_index=&#8221;&#8221; padding_top=&#8221;60&#8243; padding_bottom=&#8221;60&#8243; css=&#8221;.vc_custom_1610992575150{margin-bottom: 10px !important;padding-top: 20px !important;padding-bottom: 60px !important;}&#8221;][vc_column][vc_empty_space height=&#8221;40px&#8221;][qode_elements_holder number_of_columns=&#8221;two_columns&#8221; columns_proportion=&#8221;75_25&#8243;][qode_elements_holder_item advanced_animations=&#8221;no&#8221; custom_class=&#8221;agenda_col_2&#8243; item_padding=&#8221;20px&#8221;][vc_empty_space height=&#8221;40px&#8221;][vc_column_text]<\/p>\n<h1>#Workshop<\/h1>\n<h1><i>Materials Procrssing with Laser Technology<\/i><\/h1>\n<p>[\/vc_column_text][vc_empty_space height=&#8221;40px&#8221;][vc_column_text]<\/p>\n<div class=\"ui-box ds cs dt cw cx du dv dw dx dy dz ea eb ec ed ee ef eg eh ei ej ek el em en\" data-tid=\"message-pane-list-viewport\" data-view=\"message-pane-list-viewport\" data-track-databag-id=\"118871aa-b46a-4b2f-b5b9-fa6d3b8e4ae8\" data-track-action-gesture=\"scroll\" data-track-action-outcome=\"read\" data-track=\"true\" data-track-event-type=\"scroll\" data-track-module-name=\"scroll\" data-track-module-type=\"message\" data-track-action-outcome-new=\"nav\" data-track-module-name-new=\"scroll\" data-track-module-type-new=\"scrollBar\" data-track-action-subworkload=\"readMsg\" data-track-action-workload=\"chatContent\" data-track-tab-type=\"conversations\" data-track-tab-type-new=\"conversations\" data-track-tab-ordinal=\"1\" data-track-app-name=\"chat\" data-track-panel-region=\"main\" data-track-panel-region-new=\"main\" data-track-panel-type=\"Chat\" data-track-panel-type-new=\"Chat\">\n<div class=\"ui-box ap\">\n<div class=\"ui-box ge ap gf gg ui-chat__item__message\">\n<div class=\"ui-box gh gi\">\n<div class=\"ms-FocusZone ui-chat__message gm gn go ap gp gq gr gs gt gu gv gw gx gy gz ha hb hc hd he hf hg hh hi hj hk hl hm hn ho hp hq hr hs ht hu hv hw hx hy hz ia ib ic id ie if ig ih ii ij ik il im in io ip gi iq ir is it iu iv iw ix ey ez fb fd iz ja jb jc jd je jf jg jh ji jj jk jl jm jn jo jp jq jr js jt ju ui-animation gj gk gl focused\" tabindex=\"0\" role=\"group\" data-is-focusable=\"true\" aria-labelledby=\"importance-1666014534176 badge-1666014534176 read-status-icon-1666014534176 content-1666014534176 author-1666014534176 attachments-1666014534176 timestamp-1666014534176 edited-1666014534176\" data-last-visible=\"true\" data-mid=\"1666014534176\" data-tid=\"chat-pane-message\" data-tabster=\"{&quot;observed&quot;:{&quot;names&quot;:[&quot;message-pane&quot;]},&quot;uncontrolled&quot;:{}}\" data-focuszone-id=\"FocusZone275\">\n<div id=\"content-1666014534176\" class=\"ui-box kd cx jx ke kf kg kh ki kj kh kk kl km kn ko kp kq kr ks kt ku kv kw kx ky kz la lb lc ld le lf lg lh li lj lk ll lm ln lo lp lq lr ls lt lu lv lw lx ly lz ma mb mc md me mf mg mh mi mj mk ml mm mn mo mp mq mr ms mt mu mv mw mx my mz na nb nc nd ne nf ng nh ni nj nk nl nm nn no np nq nr ns nt nu nv nw nx ny nz oa ob oc od oe of og oh oi oj ok ol om on oo op oq or os ot ou ov ow ox oy oz pa pb pc pd pe pf pg ph pi pj pk pl pm pn po pp pq pr ps pt pu pv pw px py pz qa qb qc qd qe qf qg qh qi qj qk ql qm qn qo qp qq qr qs qt qu qv qw qx qy qz ra rb rc rd re rf rg rh ri rj rk rl rm rn ro rp rq rr rs rt ru rv cr rw rx ry rz sa sb sc sd se sf sg sh si sj sk sl sm sn so sp sq sr ss st su sv sw sx sy sz ta tb tc td te tf tg th ti tj tk tl tm tn to tp tq tr ts tt tu tv tw tx ty tz ua ub uc ud ue uf ug uh ui uj uk ul um un uo up uq ur us ut uu uv uw ux uy uz va vb vc vd ve vf vg vh vi vj vk vl vm vn vo vp vq vr vs vt vu vv vw vx vy vz wa wb wc wd we wf wg wh wi wj wk wl wm wn wo wp wq wr ws wt wu wv ww wx wy wz xa xb xc xd xe xf xg xh xi xj xk xl xm xn xo xp xq xr xs xt xu xv xw xx xy xz ya yb yc yd ye yf yg yh yi yj yk yl ym yn yo yp yq yr ys yt yu yv yw yx yy yz za zb zc zd ze zf zg zh zi zj zk zl zm zn zo zp zq zr zs zt zu zv zw zx zy zz aba abb abc abd abe abf abg abh abi abj abk abl abm abn abo abp abq abr abs abt ui-chat__message__content\" dir=\"auto\" aria-label=\"We are delighted to sponsor the XVI Aimen laser Workshop this year. Material processing with Lasers is something that puts a #SMILE on our face. Feel free to stop for a short discussion during the days of the workshop, we will be more than happy to share.\">\n<div>\n<p>We are delighted to sponsor the XVI Aimen laser Workshop this year.<\/p>\n<p>Material processing with Lasers is something that puts a #SMILE on our face. Feel free to stop for a short discussion during the days of the workshop, we will be more than happy to share.<\/p>\n<\/div>\n<\/div>\n<\/div>\n<\/div>\n<\/div>\n<div class=\"ui-box dm aht gc aej gd\"><\/div>\n<\/div>\n<\/div>\n<div class=\"ui-divider kb cn cp aec ahu fj fk ael aem ahv aeo ahw ff ep fg er ahx ahy cr\"><\/div>\n<div id=\"has-context-menu\" class=\"ui-box da db dc dd de df dg dh di dj dk dl dm\" aria-hidden=\"true\"><span class=\"ui-text\" dir=\"auto\">tiene men\u00fa contextual<\/span><\/div>\n<p>[\/vc_column_text][vc_empty_space height=&#8221;20px&#8221;][vc_column_text]<strong>Place and date:<\/strong><\/p>\n<ul>\n<li>November 10, November 11<\/li>\n<li>Pol\u00edgono Industrial de Cataboi SUR-PPI-2 (Sector 2)<\/li>\n<\/ul>\n<p>[\/vc_column_text][vc_empty_space height=&#8221;20px&#8221;][vc_column_text]<\/p>\n<p class=\"tw-data-text tw-text-large XcVN5d tw-ta\" dir=\"ltr\" data-placeholder=\"Traducci\u00f3\">Interesting and important meeting between researchers, professionals and users of laser technology applied to materials processing.<\/p>\n<p class=\"tw-data-text tw-text-large XcVN5d tw-ta\" dir=\"ltr\" data-placeholder=\"Traducci\u00f3\">This is the 16 edition, in this event you will meet the latest advances in laser technology with industrial application.<\/p>\n<p dir=\"ltr\" data-placeholder=\"Traducci\u00f3\">Monocrom are participating with gold sponsership!<\/p>\n<p>[\/vc_column_text][vc_empty_space height=&#8221;20px&#8221;][vc_column_text]Interesante e importante encuentro entre investigadores, profesionales y usuarios de la tecnolog\u00eda l\u00e1ser aplicada al procesamiento de materiales.<\/p>\n<p>Esta es la 16 edici\u00f3n, en este evento conocer\u00e1s los \u00faltimos avances en tecnolog\u00eda l\u00e1ser con aplicaci\u00f3n industrial.<\/p>\n<p>\u00a1Monocrom participa con el patrocinio de oro![\/vc_column_text][vc_empty_space height=&#8221;20px&#8221;][vc_column_text]<span lang=\"EN-US\"><a href=\"https:\/\/registration.gesevent.com\/survey\/3ahcfmj49ttee?\" target=\"_blank\" rel=\"noopener\">Register<\/a> now to reserve your place at this conference.<\/span><\/p>\n<pre id=\"tw-target-text\" class=\"tw-data-text tw-text-large XcVN5d tw-ta\" dir=\"ltr\" data-placeholder=\"Traducci\u00f3\"><\/pre>\n<p>[\/vc_column_text][vc_empty_space height=&#8221;20px&#8221;][vc_column_text]<span lang=\"EN-US\">We are looking forward to meet you in Aimen technology center!<\/span>[\/vc_column_text][vc_separator type=&#8221;normal&#8221; color=&#8221;#f4f5f9&#8243; thickness=&#8221;1&#8243; up=&#8221;80px&#8221; down=&#8221;80px&#8221;][vc_empty_space height=&#8221;30px&#8221;][vc_column_text]<\/p>\n<p class=\"tit_evento\">Ask your questions prior to the session!<\/p>\n<p>[\/vc_column_text][vc_empty_space height=&#8221;20px&#8221;]\n<div class=\"wpcf7 no-js\" id=\"wpcf7-f21155-o1\" lang=\"es-ES\" dir=\"ltr\">\n<div class=\"screen-reader-response\"><p role=\"status\" aria-live=\"polite\" aria-atomic=\"true\"><\/p> <ul><\/ul><\/div>\n<form action=\"\/en\/wp-json\/wp\/v2\/pages\/26499#wpcf7-f21155-o1\" method=\"post\" class=\"wpcf7-form init cf7_custom_style_1\" aria-label=\"Formulario de contacto\" novalidate=\"novalidate\" data-status=\"init\">\n<div style=\"display: none;\">\n<input type=\"hidden\" name=\"_wpcf7\" value=\"21155\" \/>\n<input type=\"hidden\" name=\"_wpcf7_version\" value=\"5.8.1\" \/>\n<input type=\"hidden\" name=\"_wpcf7_locale\" value=\"es_ES\" \/>\n<input type=\"hidden\" name=\"_wpcf7_unit_tag\" value=\"wpcf7-f21155-o1\" \/>\n<input type=\"hidden\" name=\"_wpcf7_container_post\" value=\"0\" \/>\n<input type=\"hidden\" name=\"_wpcf7_posted_data_hash\" value=\"\" \/>\n<input type=\"hidden\" name=\"_wpcf7_recaptcha_response\" value=\"\" \/>\n<\/div>\n<p><span id=\"wpcf7-69f8f48a72f06-wrapper\" class=\"wpcf7-form-control-wrap honeypot-226-wrap\" style=\"display:none !important; visibility:hidden !important;\"><input type=\"hidden\" name=\"honeypot-226-time-start\" value=\"1777923210\"><input type=\"hidden\" name=\"honeypot-226-time-check\" value=\"10\"><label for=\"wpcf7-69f8f48a72f06-field\" class=\"hp-message\">Por favor, deja este campo vac\u00edo.<\/label><input id=\"wpcf7-69f8f48a72f06-field\"  class=\"wpcf7-form-control wpcf7-text\" type=\"text\" name=\"honeypot-226\" value=\"\" size=\"40\" tabindex=\"-1\" autocomplete=\"new-password\" \/><\/span>\n<\/p>\n<div class=\"wpb_column vc_column_container vc_col-sm-6\" style=\"padding-right:2px;\">\n\t<p><label> <span class=\"wpcf7-form-control-wrap\" data-name=\"your-name\"><input size=\"40\" class=\"wpcf7-form-control wpcf7-text wpcf7-validates-as-required\" aria-required=\"true\" aria-invalid=\"false\" placeholder=\"* Name\" value=\"\" type=\"text\" name=\"your-name\" \/><\/span> <\/label>\n\t<\/p>\n<\/div>\n<div class=\"wpb_column vc_column_container vc_col-sm-6\" style=\"padding-right:2px;\">\n\t<p><label> <span class=\"wpcf7-form-control-wrap\" data-name=\"your-email\"><input size=\"40\" class=\"wpcf7-form-control wpcf7-email wpcf7-validates-as-required wpcf7-text wpcf7-validates-as-email\" aria-required=\"true\" aria-invalid=\"false\" placeholder=\"* E-mail\" value=\"\" type=\"email\" name=\"your-email\" \/><\/span> <\/label>\n\t<\/p>\n<\/div>\n<div class=\"wpb_column vc_column_container vc_col-sm-12\" style=\"padding-right:2px;\">\n\t<p><label> <span class=\"wpcf7-form-control-wrap\" data-name=\"your-info\"><textarea cols=\"40\" rows=\"10\" class=\"wpcf7-form-control wpcf7-textarea\" aria-invalid=\"false\" placeholder=\"Information\" name=\"your-info\"><\/textarea><\/span> <\/label>\n\t<\/p>\n<\/div>\n<div class=\"wpb_column vc_column_container vc_col-sm-12\" style=\"margin-top:20px;\">\n\t<p>* Required fields\n\t<\/p>\n<\/div>\n<div class=\"wpb_column vc_column_container vc_col-sm-12\" style=\"margin-top:10px;\">\n\t<p><span class=\"wpcf7-form-control-wrap\" data-name=\"acceptance-287\"><span class=\"wpcf7-form-control wpcf7-acceptance\"><span class=\"wpcf7-list-item\"><input type=\"checkbox\" name=\"acceptance-287\" value=\"1\" class=\"acept_form\" aria-invalid=\"false\" \/><\/span><\/span><\/span> I have read, understood and accept the <a href=\"https:\/\/testwebc3.com.es\/en\/legal\" target=\"_blank\">Privacy Policy<\/a>.\n\t<\/p>\n<\/div>\n<div class=\"wpb_column vc_column_container vc_col-sm-12\" style=\"margin-top:10px;\">\n\t<div style=\"margin-top:10px; display:block;\">\n\t\t<p><input class=\"wpcf7-form-control wpcf7-submit has-spinner\" type=\"submit\" value=\"Send\" \/>\n\t\t<\/p>\n\t<\/div>\n<\/div><div class=\"wpcf7-response-output\" aria-hidden=\"true\"><\/div>\n<\/form>\n<\/div>\n[\/qode_elements_holder_item][qode_elements_holder_item vertical_alignment=&#8221;top&#8221; advanced_animations=&#8221;no&#8221; background_color=&#8221;#f4f5f9&#8243; item_padding=&#8221;20px&#8221; custom_class=&#8221;agenda_col_fecha&#8221;][vc_column_text]<\/p>\n<h3 class=\"dia_evento\">UPCOMING EVENTS<\/h3>\n<p>[\/vc_column_text][vc_empty_space height=&#8221;40px&#8221;][vc_separator type=&#8221;small&#8221; position=&#8221;left&#8221; thickness=&#8221;1&#8243; width=&#8221;100&#8243; up=&#8221;20&#8243; down=&#8221;20&#8243; color=&#8221;#ffffff&#8221;][vc_column_text]<strong>MEDICA &#8211; Compamed<\/strong><br \/>\nDusseldorf | Germany<br \/>\n<span style=\"font-size: 22px;\">14-17 \/11\/2022<\/span>[\/vc_column_text][vc_separator type=&#8221;small&#8221; position=&#8221;left&#8221; thickness=&#8221;1&#8243; width=&#8221;100&#8243; up=&#8221;20&#8243; down=&#8221;20&#8243; color=&#8221;#ffffff&#8221;][vc_column_text]<strong>Laser World of Photonics INDIA<\/strong><br \/>\nMumbai | India<br \/>\n<span style=\"font-size: 22px;\">7-9\/12\/2022<\/span>[\/vc_column_text][vc_separator type=&#8221;small&#8221; position=&#8221;left&#8221; thickness=&#8221;1&#8243; width=&#8221;100&#8243; up=&#8221;20&#8243; down=&#8221;20&#8243; color=&#8221;#ffffff&#8221;][vc_column_text]<b>Photonics west <\/b><\/p>\n<p>San Francisco, California I United States<br \/>\n<span style=\"font-size: 22px;\">28 January &#8211; 2 February 2023<\/span>[\/vc_column_text][vc_separator type=&#8221;small&#8221; position=&#8221;left&#8221; thickness=&#8221;1&#8243; width=&#8221;100&#8243; up=&#8221;20&#8243; down=&#8221;20&#8243; color=&#8221;#ffffff&#8221;][vc_empty_space height=&#8221;30px&#8221;]<a itemprop=\"url\" href=\"https:\/\/testwebc3.com.es\/en\/agenda-2022\/\" target=\"_self\" class=\"qbutton  small white default\" style=\"\">Back to agenda<\/a>[\/qode_elements_holder_item][\/qode_elements_holder][\/vc_column][\/vc_row][vc_row css_animation=&#8221;&#8221; row_type=&#8221;row&#8221; use_row_as_full_screen_section=&#8221;no&#8221; type=&#8221;full_width&#8221; angled_section=&#8221;no&#8221; text_align=&#8221;left&#8221; background_image_as_pattern=&#8221;without_pattern&#8221;][vc_column][\/vc_column][\/vc_row]<\/p>\n<\/section>","protected":false},"excerpt":{"rendered":"<p>[vc_row css_animation=&#8221;&#8221; row_type=&#8221;row&#8221; use_row_as_full_screen_section=&#8221;no&#8221; type=&#8221;grid&#8221; angled_section=&#8221;no&#8221; text_align=&#8221;left&#8221; background_image_as_pattern=&#8221;without_pattern&#8221; z_index=&#8221;&#8221; padding_top=&#8221;60&#8243; padding_bottom=&#8221;60&#8243; css=&#8221;.vc_custom_1610992575150{margin-bottom: 10px !important;padding-top: 20px !important;padding-bottom: 60px !important;}&#8221;][vc_column][vc_empty_space height=&#8221;40px&#8221;][qode_elements_holder number_of_columns=&#8221;two_columns&#8221; columns_proportion=&#8221;75_25&#8243;][qode_elements_holder_item advanced_animations=&#8221;no&#8221; custom_class=&#8221;agenda_col_2&#8243; item_padding=&#8221;20px&#8221;][vc_empty_space height=&#8221;40px&#8221;][vc_column_text] #Workshop Materials Procrssing with Laser Technology [\/vc_column_text][vc_empty_space height=&#8221;40px&#8221;][vc_column_text] We are delighted to sponsor the XVI Aimen laser Workshop this year&#8230;.<\/p>\n","protected":false},"author":5,"featured_media":25678,"parent":24811,"menu_order":0,"comment_status":"closed","ping_status":"closed","template":"full_width.php","meta":{"footnotes":""},"_links":{"self":[{"href":"https:\/\/testwebc3.com.es\/en\/wp-json\/wp\/v2\/pages\/26499"}],"collection":[{"href":"https:\/\/testwebc3.com.es\/en\/wp-json\/wp\/v2\/pages"}],"about":[{"href":"https:\/\/testwebc3.com.es\/en\/wp-json\/wp\/v2\/types\/page"}],"author":[{"embeddable":true,"href":"https:\/\/testwebc3.com.es\/en\/wp-json\/wp\/v2\/users\/5"}],"replies":[{"embeddable":true,"href":"https:\/\/testwebc3.com.es\/en\/wp-json\/wp\/v2\/comments?post=26499"}],"version-history":[{"count":4,"href":"https:\/\/testwebc3.com.es\/en\/wp-json\/wp\/v2\/pages\/26499\/revisions"}],"predecessor-version":[{"id":26505,"href":"https:\/\/testwebc3.com.es\/en\/wp-json\/wp\/v2\/pages\/26499\/revisions\/26505"}],"up":[{"embeddable":true,"href":"https:\/\/testwebc3.com.es\/en\/wp-json\/wp\/v2\/pages\/24811"}],"wp:featuredmedia":[{"embeddable":true,"href":"https:\/\/testwebc3.com.es\/en\/wp-json\/wp\/v2\/media\/25678"}],"wp:attachment":[{"href":"https:\/\/testwebc3.com.es\/en\/wp-json\/wp\/v2\/media?parent=26499"}],"curies":[{"name":"wp","href":"https:\/\/api.w.org\/{rel}","templated":true}]}}